{"id":111,"date":"2021-01-29T00:40:33","date_gmt":"2021-01-28T23:40:33","guid":{"rendered":"http:\/\/overgaardlarsen.dk\/?page_id=111"},"modified":"2023-01-04T21:30:43","modified_gmt":"2023-01-04T20:30:43","slug":"lars-overgaard-larsen","status":"publish","type":"page","link":"http:\/\/overgaardlarsen.dk\/en\/lars-overgaard-larsen\/","title":{"rendered":"Lars Overgaard Larsen"},"content":{"rendered":"<p>Mit navn er Lars, jeg er f\u00f8dt 26. juli 1988. Jeg bor sammen med min kone, <a href=\"http:\/\/overgaardlarsen.dk\/en\/julie-overgaard-larsen\/\" data-type=\"page\" data-id=\"113\">Julie<\/a>, og vores to sk\u00f8nne drenge, <a href=\"http:\/\/overgaardlarsen.dk\/en\/aksel-overgaard-larsen\/\" data-type=\"page\" data-id=\"378\">Aksel<\/a> og <a href=\"http:\/\/overgaardlarsen.dk\/en\/theodor-overgaard-larsen\/\" data-type=\"page\" data-id=\"376\">Theodor<\/a>.<\/p>\n\n\n\n<p>Jeg er uddannet radiograf i 2012, som professionsbachelor, og har gyldig autorisation som radiograf i Danmark. Derudover har jeg en kandidatgrad i Klinisk Videnskab og teknologi fra 2016.<\/p>\n\n\n\n<p>Jeg er handlekraftig, initiativrig og fantasifuld. Jeg er god til at f\u00e5 nye id\u00e9er, analysere behov, muligheder og risici, og herefter planl\u00e6gge og tage styring gennem hele rejsen, fra id\u00e9 til udf\u00f8relse. Denne evne anvender jeg b\u00e5de p\u00e5 daglig basis i mit arbejde, hvor jeg deltager i processen fra id\u00e9 skabelse til accept tests, men ogs\u00e5 privat n\u00e5r det handler om renovering og havearbejde, hvor jeg udfordrer mine praktiske g\u00f8r-det-selv evner. Alt kan lade sig g\u00f8re, s\u00e5 l\u00e6nge man tror p\u00e5 det, vurderer situationen og er klar til at revurdere og handler herefter.<\/p>\n\n\n\n<p>N\u00e5r jeg begynder nye ting, m\u00e6rker jeg altid efter passionen og ambitionerne. Hvis de ikke er til stede, er jeg ikke klar til at p\u00e5tage mig opgaven, fordi jeg endnu ikke har fundet den overordnede mening, med det jeg skal p\u00e5begynde. Det betyder at jeg har behov for at anskue det nye fra endnu en ny vinkel, for at opdaget hvorfor jeg skal have ambitioner og hvor passionen skal f\u00f8re det til.<\/p>\n\n\n\n<p>Jeg ser ikke nye ting som noget farligt og ukendt, men fors\u00f8ger med et \u00e5bent sind at se sammenh\u00e6nge og muligheder, samt hvordan ting kan forbedres, s\u00e5 det giver mening og er v\u00e6rd at arbejde videre p\u00e5.<\/p>\n\n\n\n<div style=\"height:20px\" aria-hidden=\"true\" class=\"wp-block-spacer\"><\/div>\n\n\n\n<p>Se mit opdaterede <a href=\"https:\/\/www.linkedin.com\/in\/lars-overgaard-larsen\/\" target=\"_blank\" rel=\"noreferrer noopener\">CV p\u00e5 LinkedIn<\/a>.<\/p>\n\n\n\n<div id=\"wp-block-themeisle-blocks-advanced-columns-c846dd80\" class=\"wp-block-themeisle-blocks-advanced-columns has-1-columns has-desktop-equal-layout has-tablet-equal-layout has-mobile-equal-layout has-vertical-unset\"><div class=\"wp-block-themeisle-blocks-advanced-columns-overlay\"><\/div><div class=\"innerblocks-wrap\">\n<div id=\"wp-block-themeisle-blocks-advanced-column-1abeb402\" class=\"wp-block-themeisle-blocks-advanced-column\">\n<div class=\"wp-block-uagb-advanced-heading uagb-block-5a49823c\"><h2 class=\"uagb-heading-text\">Lars Overgaard Larsen<\/h2><p class=\"uagb-desc-text\"><em>Radiographer, M.Sc.<\/em><\/p><\/div>\n\n\n\n<div id=\"wp-block-themeisle-blocks-advanced-columns-50f545fa\" class=\"wp-block-themeisle-blocks-advanced-columns has-2-columns has-desktop-oneTwo-layout has-tablet-equal-layout has-mobile-oneTwo-layout has-vertical-unset ticss-6ae17e71\"><div class=\"wp-block-themeisle-blocks-advanced-columns-overlay\"><\/div><div class=\"innerblocks-wrap\">\n<div id=\"wp-block-themeisle-blocks-advanced-column-5ee44efb\" class=\"wp-block-themeisle-blocks-advanced-column\">\n<figure class=\"wp-block-image size-large ticss-b9939223\"><img loading=\"lazy\" decoding=\"async\" width=\"768\" height=\"1024\" src=\"https:\/\/overgaardlarsen.dk\/wp-content\/uploads\/2022\/05\/LarsOvergaardLarsen_2022_02-edited-768x1024.jpg\" alt=\"\" class=\"wp-image-730\" srcset=\"https:\/\/overgaardlarsen.dk\/wp-content\/uploads\/2022\/05\/LarsOvergaardLarsen_2022_02-edited-768x1024.jpg 768w, https:\/\/overgaardlarsen.dk\/wp-content\/uploads\/2022\/05\/LarsOvergaardLarsen_2022_02-edited-225x300.jpg 225w, https:\/\/overgaardlarsen.dk\/wp-content\/uploads\/2022\/05\/LarsOvergaardLarsen_2022_02-edited-1152x1536.jpg 1152w, https:\/\/overgaardlarsen.dk\/wp-content\/uploads\/2022\/05\/LarsOvergaardLarsen_2022_02-edited-1536x2048.jpg 1536w, https:\/\/overgaardlarsen.dk\/wp-content\/uploads\/2022\/05\/LarsOvergaardLarsen_2022_02-edited-9x12.jpg 9w, https:\/\/overgaardlarsen.dk\/wp-content\/uploads\/2022\/05\/LarsOvergaardLarsen_2022_02-edited-scaled.jpg 1920w\" sizes=\"(max-width: 768px) 100vw, 768px\" \/><\/figure>\n<\/div>\n\n\n\n<div id=\"wp-block-themeisle-blocks-advanced-column-4c25bba2\" class=\"wp-block-themeisle-blocks-advanced-column\">\n<p class=\"ticss-7ffeff0a has-small-font-size\">Brombaervej 37<br>9530 Stoevring<br>Denmark<\/p>\n\n\n\n<p class=\"ticss-1c3ec297 has-small-font-size\"><img loading=\"lazy\" decoding=\"async\" width=\"512\" height=\"512\" class=\"wp-image-367\" style=\"width: 16px;\" src=\"http:\/\/new.overgaardlarsen.dk\/wp-content\/uploads\/2021\/02\/mail_2a2a40.png\" alt=\"Mail\" srcset=\"https:\/\/overgaardlarsen.dk\/wp-content\/uploads\/2021\/02\/mail_2a2a40.png 512w, https:\/\/overgaardlarsen.dk\/wp-content\/uploads\/2021\/02\/mail_2a2a40-300x300.png 300w, https:\/\/overgaardlarsen.dk\/wp-content\/uploads\/2021\/02\/mail_2a2a40-150x150.png 150w\" sizes=\"(max-width: 512px) 100vw, 512px\" \/>  <a href=\"mailto:Lars@OvergaardLarsen.dk\">Lars@OvergaardLarsen.dk<\/a><br><img loading=\"lazy\" decoding=\"async\" width=\"512\" height=\"512\" class=\"wp-image-370\" style=\"width: 16px;\" src=\"http:\/\/new.overgaardlarsen.dk\/wp-content\/uploads\/2021\/02\/phone_1_-2a2a40.png\" alt=\"Phone\" srcset=\"https:\/\/overgaardlarsen.dk\/wp-content\/uploads\/2021\/02\/phone_1_-2a2a40.png 512w, https:\/\/overgaardlarsen.dk\/wp-content\/uploads\/2021\/02\/phone_1_-2a2a40-300x300.png 300w, https:\/\/overgaardlarsen.dk\/wp-content\/uploads\/2021\/02\/phone_1_-2a2a40-150x150.png 150w\" sizes=\"(max-width: 512px) 100vw, 512px\" \/>  <a href=\"tel: 4593952555\" data-type=\"tel\" data-id=\"tel:+4522525629\">+45 9395 2555<\/a><\/p>\n<\/div>\n<\/div><\/div>\n<\/div>\n<\/div><\/div>","protected":false},"excerpt":{"rendered":"<p>Mit navn er Lars, jeg er f\u00f8dt 26. juli 1988. Jeg bor sammen med min kone, Julie, og vores to sk\u00f8nne drenge, Aksel og Theodor. Jeg er uddannet radiograf i 2012, som professionsbachelor, og har gyldig autorisation som radiograf i Danmark. Derudover har jeg en kandidatgrad i Klinisk Videnskab og teknologi fra 2016. Jeg er [&hellip;]<\/p>","protected":false},"author":1,"featured_media":0,"parent":0,"menu_order":0,"comment_status":"closed","ping_status":"closed","template":"","meta":{"_uag_custom_page_level_css":"","advgb_blocks_editor_width":"","advgb_blocks_columns_visual_guide":"","_themeisle_gutenberg_block_has_review":false,"footnotes":""},"blocksy_meta":{"styles_descriptor":{"styles":{"desktop":"","tablet":"","mobile":""},"google_fonts":[],"version":6}},"uagb_featured_image_src":{"full":false,"thumbnail":false,"medium":false,"medium_large":false,"large":false,"1536x1536":false,"2048x2048":false,"trp-custom-language-flag":false},"uagb_author_info":{"display_name":"Overgaard Larsen","author_link":"http:\/\/overgaardlarsen.dk\/en\/blog\/author\/globaladmin\/"},"uagb_comment_info":0,"uagb_excerpt":"Mit navn er Lars, jeg er f\u00f8dt 26. juli 1988. Jeg bor sammen med min kone, Julie, og vores to sk\u00f8nne drenge, Aksel og Theodor. Jeg er uddannet radiograf i 2012, som professionsbachelor, og har gyldig autorisation som radiograf i Danmark. Derudover har jeg en kandidatgrad i Klinisk Videnskab og teknologi fra 2016. Jeg er&hellip;","coauthors":[],"author_meta":{"author_link":"http:\/\/overgaardlarsen.dk\/en\/blog\/author\/globaladmin\/","display_name":"Overgaard Larsen"},"relative_dates":{"created":"Posted 5 years ago","modified":"Updated 3 years ago"},"absolute_dates":{"created":"Posted on 29. January 2021","modified":"Updated on 4. January 2023"},"absolute_dates_time":{"created":"Posted on 29. January 2021 0:40","modified":"Updated on 4. January 2023 21:30"},"featured_img_caption":"","featured_img":false,"series_order":"","_links":{"self":[{"href":"http:\/\/overgaardlarsen.dk\/en\/wp-json\/wp\/v2\/pages\/111"}],"collection":[{"href":"http:\/\/overgaardlarsen.dk\/en\/wp-json\/wp\/v2\/pages"}],"about":[{"href":"http:\/\/overgaardlarsen.dk\/en\/wp-json\/wp\/v2\/types\/page"}],"author":[{"embeddable":true,"href":"http:\/\/overgaardlarsen.dk\/en\/wp-json\/wp\/v2\/users\/1"}],"replies":[{"embeddable":true,"href":"http:\/\/overgaardlarsen.dk\/en\/wp-json\/wp\/v2\/comments?post=111"}],"version-history":[{"count":30,"href":"http:\/\/overgaardlarsen.dk\/en\/wp-json\/wp\/v2\/pages\/111\/revisions"}],"predecessor-version":[{"id":1072,"href":"http:\/\/overgaardlarsen.dk\/en\/wp-json\/wp\/v2\/pages\/111\/revisions\/1072"}],"wp:attachment":[{"href":"http:\/\/overgaardlarsen.dk\/en\/wp-json\/wp\/v2\/media?parent=111"}],"curies":[{"name":"wp","href":"https:\/\/api.w.org\/{rel}","templated":true}]}}