{"id":113,"date":"2021-01-29T00:40:57","date_gmt":"2021-01-28T23:40:57","guid":{"rendered":"http:\/\/overgaardlarsen.dk\/?page_id=113"},"modified":"2023-01-04T21:39:15","modified_gmt":"2023-01-04T20:39:15","slug":"julie-jung-overgaard-larsen","status":"publish","type":"page","link":"http:\/\/overgaardlarsen.dk\/en\/julie-jung-overgaard-larsen\/","title":{"rendered":"Julie Jung Overgaard Larsen"},"content":{"rendered":"<div style=\"height:50px\" aria-hidden=\"true\" class=\"wp-block-spacer\"><\/div>\n\n\n\n<p>Mit navn er Julie Overgaard Larsen, jeg er f\u00f8dt 3. juli 1988. Jeg bor sammen med min mand, <a href=\"http:\/\/overgaardlarsen.dk\/en\/lars-overgaard-larsen\/\" data-type=\"URL\" data-id=\"https:\/\/overgaardlarsen.dk\/lars-overgaard-larsen\/\">Lars<\/a>,\u00a0og vores s\u00f8nner <a href=\"http:\/\/overgaardlarsen.dk\/en\/theodor-overgaard-larsen\/\">Theodor<\/a> og <a href=\"http:\/\/overgaardlarsen.dk\/en\/aksel-overgaard-larsen\/\" data-type=\"URL\" data-id=\"https:\/\/overgaardlarsen.dk\/aksel-overgaard-larsen\/\">Aksel<\/a>.<\/p>\n\n\n\n<p>Jeg blev uddannet sygeplejerske i 2012, fra VIA University College i Thisted. Efter at have f\u00e5et autorisation som sygeplejerske flyttede jeg med Lars til Horsens, hvor jeg arbejdede p\u00e5 Kirurgisk afdeling.<\/p>\n\n\n\n<p>Jeg har en sygeplejefaglig akutuddannelse, og er uddannet klinisk vejleder. I \u00f8jeblikket er jeg ansat p\u00e5 Akut Modtageafsnit p\u00e5 Aalborg Universitetshospital, i en delvist administrativ stilling, hvor jeg har ansvar for afdelingens uddannelse og undervisning.<\/p>\n\n\n\n<p>I min fritid er jeg bestyrelsesmedlem i DAENA, Fagligt Selskab for Akutsygepleje.<\/p>\n\n\n\n<div style=\"height:50px\" aria-hidden=\"true\" class=\"wp-block-spacer\"><\/div>\n\n\n\n<div id=\"wp-block-themeisle-blocks-advanced-columns-c846dd80\" class=\"wp-block-themeisle-blocks-advanced-columns has-1-columns has-desktop-equal-layout has-tablet-equal-layout has-mobile-equal-layout has-vertical-unset\"><div class=\"wp-block-themeisle-blocks-advanced-columns-overlay\"><\/div><div class=\"innerblocks-wrap\">\n<div id=\"wp-block-themeisle-blocks-advanced-column-1abeb402\" class=\"wp-block-themeisle-blocks-advanced-column\">\n<div class=\"wp-block-uagb-advanced-heading uagb-block-02e10af4\"><h2 class=\"uagb-heading-text\">Julie Jung Overgaard Larsen<\/h2><p class=\"uagb-desc-text\"><em>Registered Nurse and Clinical Instructor<\/em><\/p><\/div>\n\n\n\n<div id=\"wp-block-themeisle-blocks-advanced-columns-92959f79\" class=\"wp-block-themeisle-blocks-advanced-columns has-2-columns has-desktop-oneTwo-layout has-tablet-equal-layout has-mobile-oneTwo-layout has-vertical-unset ticss-6ae17e71\"><div class=\"wp-block-themeisle-blocks-advanced-columns-overlay\"><\/div><div class=\"innerblocks-wrap\">\n<div id=\"wp-block-themeisle-blocks-advanced-column-92f33593\" class=\"wp-block-themeisle-blocks-advanced-column\">\n<figure class=\"wp-block-image size-large ticss-b9939223\"><img loading=\"lazy\" decoding=\"async\" width=\"768\" height=\"1024\" src=\"https:\/\/overgaardlarsen.dk\/wp-content\/uploads\/2022\/05\/JulieOvergaardLarsen_2022_02-edited-768x1024.jpg\" alt=\"\" class=\"wp-image-739\" srcset=\"https:\/\/overgaardlarsen.dk\/wp-content\/uploads\/2022\/05\/JulieOvergaardLarsen_2022_02-edited-768x1024.jpg 768w, https:\/\/overgaardlarsen.dk\/wp-content\/uploads\/2022\/05\/JulieOvergaardLarsen_2022_02-edited-225x300.jpg 225w, https:\/\/overgaardlarsen.dk\/wp-content\/uploads\/2022\/05\/JulieOvergaardLarsen_2022_02-edited-1152x1536.jpg 1152w, https:\/\/overgaardlarsen.dk\/wp-content\/uploads\/2022\/05\/JulieOvergaardLarsen_2022_02-edited-1536x2048.jpg 1536w, https:\/\/overgaardlarsen.dk\/wp-content\/uploads\/2022\/05\/JulieOvergaardLarsen_2022_02-edited-9x12.jpg 9w, https:\/\/overgaardlarsen.dk\/wp-content\/uploads\/2022\/05\/JulieOvergaardLarsen_2022_02-edited-scaled.jpg 1920w\" sizes=\"(max-width: 768px) 100vw, 768px\" \/><\/figure>\n<\/div>\n\n\n\n<div id=\"wp-block-themeisle-blocks-advanced-column-e47a846b\" class=\"wp-block-themeisle-blocks-advanced-column\">\n<p class=\"ticss-7ffeff0a has-small-font-size\">Brombaervej 37<br>9530 Stoevring<br>Denmark<\/p>\n\n\n\n<p class=\"has-small-font-size\"><img loading=\"lazy\" decoding=\"async\" width=\"512\" height=\"512\" class=\"wp-image-367\" style=\"width: 16px;\" src=\"http:\/\/new.overgaardlarsen.dk\/wp-content\/uploads\/2021\/02\/mail_2a2a40.png\" alt=\"Mail\" srcset=\"https:\/\/overgaardlarsen.dk\/wp-content\/uploads\/2021\/02\/mail_2a2a40.png 512w, https:\/\/overgaardlarsen.dk\/wp-content\/uploads\/2021\/02\/mail_2a2a40-300x300.png 300w, https:\/\/overgaardlarsen.dk\/wp-content\/uploads\/2021\/02\/mail_2a2a40-150x150.png 150w\" sizes=\"(max-width: 512px) 100vw, 512px\" \/>  <a href=\"mailto:Julie@OvergaardLarsen.dk\">Julie@OvergaardLarsen.dk<\/a><br><img loading=\"lazy\" decoding=\"async\" width=\"512\" height=\"512\" class=\"wp-image-370\" style=\"width: 16px;\" src=\"http:\/\/new.overgaardlarsen.dk\/wp-content\/uploads\/2021\/02\/phone_1_-2a2a40.png\" alt=\"Phone\" srcset=\"https:\/\/overgaardlarsen.dk\/wp-content\/uploads\/2021\/02\/phone_1_-2a2a40.png 512w, https:\/\/overgaardlarsen.dk\/wp-content\/uploads\/2021\/02\/phone_1_-2a2a40-300x300.png 300w, https:\/\/overgaardlarsen.dk\/wp-content\/uploads\/2021\/02\/phone_1_-2a2a40-150x150.png 150w\" sizes=\"(max-width: 512px) 100vw, 512px\" \/>  <a href=\"tel: 4530742450\" data-type=\"tel\" data-id=\"tel:+4530742450\">+45 3074 2450<\/a><\/p>\n<\/div>\n<\/div><\/div>\n<\/div>\n<\/div><\/div>","protected":false},"excerpt":{"rendered":"<p>Mit navn er Julie Overgaard Larsen, jeg er f\u00f8dt 3. juli 1988. Jeg bor sammen med min mand, Lars,\u00a0og vores s\u00f8nner Theodor og Aksel. Jeg blev uddannet sygeplejerske i 2012, fra VIA University College i Thisted. Efter at have f\u00e5et autorisation som sygeplejerske flyttede jeg med Lars til Horsens, hvor jeg arbejdede p\u00e5 Kirurgisk afdeling. [&hellip;]<\/p>","protected":false},"author":1,"featured_media":0,"parent":0,"menu_order":0,"comment_status":"closed","ping_status":"closed","template":"","meta":{"_uag_custom_page_level_css":"","advgb_blocks_editor_width":"","advgb_blocks_columns_visual_guide":"","_themeisle_gutenberg_block_has_review":false,"footnotes":""},"blocksy_meta":{"styles_descriptor":{"styles":{"desktop":"","tablet":"","mobile":""},"google_fonts":[],"version":6}},"uagb_featured_image_src":{"full":false,"thumbnail":false,"medium":false,"medium_large":false,"large":false,"1536x1536":false,"2048x2048":false,"trp-custom-language-flag":false},"uagb_author_info":{"display_name":"Overgaard Larsen","author_link":"http:\/\/overgaardlarsen.dk\/en\/blog\/author\/globaladmin\/"},"uagb_comment_info":0,"uagb_excerpt":"Mit navn er Julie Overgaard Larsen, jeg er f\u00f8dt 3. juli 1988. Jeg bor sammen med min mand, Lars,\u00a0og vores s\u00f8nner Theodor og Aksel. Jeg blev uddannet sygeplejerske i 2012, fra VIA University College i Thisted. Efter at have f\u00e5et autorisation som sygeplejerske flyttede jeg med Lars til Horsens, hvor jeg arbejdede p\u00e5 Kirurgisk afdeling.&hellip;","coauthors":[],"author_meta":{"author_link":"http:\/\/overgaardlarsen.dk\/en\/blog\/author\/globaladmin\/","display_name":"Overgaard Larsen"},"relative_dates":{"created":"Posted 5 years ago","modified":"Updated 3 years ago"},"absolute_dates":{"created":"Posted on 29. January 2021","modified":"Updated on 4. January 2023"},"absolute_dates_time":{"created":"Posted on 29. January 2021 0:40","modified":"Updated on 4. January 2023 21:39"},"featured_img_caption":"","featured_img":false,"series_order":"","_links":{"self":[{"href":"http:\/\/overgaardlarsen.dk\/en\/wp-json\/wp\/v2\/pages\/113"}],"collection":[{"href":"http:\/\/overgaardlarsen.dk\/en\/wp-json\/wp\/v2\/pages"}],"about":[{"href":"http:\/\/overgaardlarsen.dk\/en\/wp-json\/wp\/v2\/types\/page"}],"author":[{"embeddable":true,"href":"http:\/\/overgaardlarsen.dk\/en\/wp-json\/wp\/v2\/users\/1"}],"replies":[{"embeddable":true,"href":"http:\/\/overgaardlarsen.dk\/en\/wp-json\/wp\/v2\/comments?post=113"}],"version-history":[{"count":8,"href":"http:\/\/overgaardlarsen.dk\/en\/wp-json\/wp\/v2\/pages\/113\/revisions"}],"predecessor-version":[{"id":805,"href":"http:\/\/overgaardlarsen.dk\/en\/wp-json\/wp\/v2\/pages\/113\/revisions\/805"}],"wp:attachment":[{"href":"http:\/\/overgaardlarsen.dk\/en\/wp-json\/wp\/v2\/media?parent=113"}],"curies":[{"name":"wp","href":"https:\/\/api.w.org\/{rel}","templated":true}]}}