{"id":378,"date":"2021-02-18T02:15:22","date_gmt":"2021-02-18T01:15:22","guid":{"rendered":"http:\/\/overgaardlarsen.dk\/?page_id=378"},"modified":"2025-06-09T00:05:24","modified_gmt":"2025-06-08T22:05:24","slug":"aksel-overgaard-larsen","status":"publish","type":"page","link":"http:\/\/overgaardlarsen.dk\/en\/aksel-overgaard-larsen\/","title":{"rendered":"Aksel Overgaard Larsen"},"content":{"rendered":"<p>Aksel blev f\u00f8dt 2. september 2018 i Aalborg. Aksel g\u00e5r i b\u00f8rnehave i St\u00f8vring.<\/p>\n\n\n\n<div style=\"height:50px\" aria-hidden=\"true\" class=\"wp-block-spacer\"><\/div>\n\n\n\n<div id=\"wp-block-themeisle-blocks-advanced-columns-c846dd80\" class=\"wp-block-themeisle-blocks-advanced-columns has-1-columns has-desktop-equal-layout has-tablet-equal-layout has-mobile-equal-layout has-vertical-unset\"><div class=\"wp-block-themeisle-blocks-advanced-columns-overlay\"><\/div><div class=\"innerblocks-wrap\">\n<div id=\"wp-block-themeisle-blocks-advanced-column-1abeb402\" class=\"wp-block-themeisle-blocks-advanced-column\">\n<div class=\"wp-block-uagb-advanced-heading uagb-block-7b635ae4\"><h2 class=\"uagb-heading-text\">Aksel Overgaard Larsen<\/h2><p class=\"uagb-desc-text\"><em>Skole<\/em><\/p><\/div>\n\n\n\n<div id=\"wp-block-themeisle-blocks-advanced-columns-795a57a0\" class=\"wp-block-themeisle-blocks-advanced-columns has-2-columns has-desktop-oneTwo-layout has-tablet-equal-layout has-mobile-oneTwo-layout has-vertical-unset ticss-6ae17e71\"><div class=\"wp-block-themeisle-blocks-advanced-columns-overlay\"><\/div><div class=\"innerblocks-wrap\">\n<div id=\"wp-block-themeisle-blocks-advanced-column-83220079\" class=\"wp-block-themeisle-blocks-advanced-column\">\n<figure class=\"wp-block-image size-large ticss-b9939223\"><img loading=\"lazy\" decoding=\"async\" width=\"1924\" height=\"2560\" src=\"https:\/\/overgaardlarsen.dk\/wp-content\/uploads\/2022\/05\/AkselOvergaardLarsen_2022_02-1-edited-scaled.jpg\" alt=\"Aksel Overgaard Larsen\" class=\"wp-image-679\" srcset=\"https:\/\/overgaardlarsen.dk\/wp-content\/uploads\/2022\/05\/AkselOvergaardLarsen_2022_02-1-edited-scaled.jpg 1924w, https:\/\/overgaardlarsen.dk\/wp-content\/uploads\/2022\/05\/AkselOvergaardLarsen_2022_02-1-edited-225x300.jpg 225w, https:\/\/overgaardlarsen.dk\/wp-content\/uploads\/2022\/05\/AkselOvergaardLarsen_2022_02-1-edited-769x1024.jpg 769w, https:\/\/overgaardlarsen.dk\/wp-content\/uploads\/2022\/05\/AkselOvergaardLarsen_2022_02-1-edited-768x1022.jpg 768w, https:\/\/overgaardlarsen.dk\/wp-content\/uploads\/2022\/05\/AkselOvergaardLarsen_2022_02-1-edited-1154x1536.jpg 1154w, https:\/\/overgaardlarsen.dk\/wp-content\/uploads\/2022\/05\/AkselOvergaardLarsen_2022_02-1-edited-1539x2048.jpg 1539w, https:\/\/overgaardlarsen.dk\/wp-content\/uploads\/2022\/05\/AkselOvergaardLarsen_2022_02-1-edited-9x12.jpg 9w\" sizes=\"(max-width: 1924px) 100vw, 1924px\" \/><\/figure>\n<\/div>\n\n\n\n<div id=\"wp-block-themeisle-blocks-advanced-column-9b9e5922\" class=\"wp-block-themeisle-blocks-advanced-column\">\n<p class=\"ticss-7ffeff0a has-small-font-size\">Brombaervej 37<br>9530 Stoevring<br>Denmark<\/p>\n\n\n\n<p class=\"has-small-font-size\"><img loading=\"lazy\" decoding=\"async\" width=\"512\" height=\"512\" class=\"wp-image-367\" style=\"width: 16px;\" src=\"http:\/\/overgaardlarsen.dk\/wp-content\/uploads\/2021\/02\/mail_2a2a40.png\" alt=\"Mail\" srcset=\"https:\/\/overgaardlarsen.dk\/wp-content\/uploads\/2021\/02\/mail_2a2a40.png 512w, https:\/\/overgaardlarsen.dk\/wp-content\/uploads\/2021\/02\/mail_2a2a40-300x300.png 300w, https:\/\/overgaardlarsen.dk\/wp-content\/uploads\/2021\/02\/mail_2a2a40-150x150.png 150w\" sizes=\"(max-width: 512px) 100vw, 512px\" \/>  <a href=\"mailto:Aksel@OvergaardLarsen.dk\">Aksel@OvergaardLarsen.dk<\/a><\/p>\n<\/div>\n<\/div><\/div>\n<\/div>\n<\/div><\/div>","protected":false},"excerpt":{"rendered":"<p>Aksel blev f\u00f8dt 2. september 2018 i Aalborg. Aksel g\u00e5r i b\u00f8rnehave i St\u00f8vring.<\/p>","protected":false},"author":2,"featured_media":0,"parent":0,"menu_order":0,"comment_status":"closed","ping_status":"closed","template":"","meta":{"_uag_custom_page_level_css":"","advgb_blocks_editor_width":"","advgb_blocks_columns_visual_guide":"","_themeisle_gutenberg_block_has_review":false,"footnotes":""},"blocksy_meta":{"styles_descriptor":{"styles":{"desktop":"","tablet":"","mobile":""},"google_fonts":[],"version":6}},"uagb_featured_image_src":{"full":false,"thumbnail":false,"medium":false,"medium_large":false,"large":false,"1536x1536":false,"2048x2048":false,"trp-custom-language-flag":false},"uagb_author_info":{"display_name":"Lars","author_link":"http:\/\/overgaardlarsen.dk\/en\/blog\/author\/lars\/"},"uagb_comment_info":0,"uagb_excerpt":"Aksel blev f\u00f8dt 2. september 2018 i Aalborg. Aksel g\u00e5r i b\u00f8rnehave i St\u00f8vring.","coauthors":[],"author_meta":{"author_link":"http:\/\/overgaardlarsen.dk\/en\/blog\/author\/lars\/","display_name":"Lars"},"relative_dates":{"created":"Posted 5 years ago","modified":"Updated 10 months ago"},"absolute_dates":{"created":"Posted on 18. February 2021","modified":"Updated on 9. June 2025"},"absolute_dates_time":{"created":"Posted on 18. February 2021 2:15","modified":"Updated on 9. June 2025 0:05"},"featured_img_caption":"","featured_img":false,"series_order":"","_links":{"self":[{"href":"http:\/\/overgaardlarsen.dk\/en\/wp-json\/wp\/v2\/pages\/378"}],"collection":[{"href":"http:\/\/overgaardlarsen.dk\/en\/wp-json\/wp\/v2\/pages"}],"about":[{"href":"http:\/\/overgaardlarsen.dk\/en\/wp-json\/wp\/v2\/types\/page"}],"author":[{"embeddable":true,"href":"http:\/\/overgaardlarsen.dk\/en\/wp-json\/wp\/v2\/users\/2"}],"replies":[{"embeddable":true,"href":"http:\/\/overgaardlarsen.dk\/en\/wp-json\/wp\/v2\/comments?post=378"}],"version-history":[{"count":10,"href":"http:\/\/overgaardlarsen.dk\/en\/wp-json\/wp\/v2\/pages\/378\/revisions"}],"predecessor-version":[{"id":1082,"href":"http:\/\/overgaardlarsen.dk\/en\/wp-json\/wp\/v2\/pages\/378\/revisions\/1082"}],"wp:attachment":[{"href":"http:\/\/overgaardlarsen.dk\/en\/wp-json\/wp\/v2\/media?parent=378"}],"curies":[{"name":"wp","href":"https:\/\/api.w.org\/{rel}","templated":true}]}}